{"id":2116,"date":"2023-11-07T13:12:17","date_gmt":"2023-11-07T13:12:17","guid":{"rendered":"http:\/\/proxyitalia.it\/?page_id=2116"},"modified":"2024-11-26T09:26:29","modified_gmt":"2024-11-26T09:26:29","slug":"proxy-per-scommesse","status":"publish","type":"page","link":"https:\/\/proxyitalia.it\/en\/proxy-per-scommesse\/","title":{"rendered":"Betting proxy"},"content":{"rendered":"<div data-elementor-type=\"wp-page\" data-elementor-id=\"2116\" class=\"elementor elementor-2116\" data-elementor-post-type=\"page\">\n\t\t\t\t\t\t<section data-eae-particle=\"{  &quot;particles&quot;: {    &quot;number&quot;: {      &quot;value&quot;: 80,      &quot;density&quot;: {        &quot;enable&quot;: true,        &quot;value_area&quot;: 800      }    },    &quot;color&quot;: {      &quot;value&quot;: &quot;#ffffff&quot;    },    &quot;shape&quot;: {      &quot;type&quot;: &quot;circle&quot;,      &quot;stroke&quot;: {        &quot;width&quot;: 0,        &quot;color&quot;: &quot;#000000&quot;      },      &quot;polygon&quot;: {        &quot;nb_sides&quot;: 5      },      &quot;image&quot;: {        &quot;src&quot;: &quot;img\/github.svg&quot;,        &quot;width&quot;: 100,        &quot;height&quot;: 100      }    },    &quot;opacity&quot;: {      &quot;value&quot;: 0.5,      &quot;random&quot;: false,      &quot;anim&quot;: {        &quot;enable&quot;: false,        &quot;speed&quot;: 1,        &quot;opacity_min&quot;: 0.1,        &quot;sync&quot;: false      }    },    &quot;size&quot;: {      &quot;value&quot;: 3,      &quot;random&quot;: true,      &quot;anim&quot;: {        &quot;enable&quot;: false,        &quot;speed&quot;: 40,        &quot;size_min&quot;: 0.1,        &quot;sync&quot;: false      }    },    &quot;line_linked&quot;: {      &quot;enable&quot;: true,      &quot;distance&quot;: 150,      &quot;color&quot;: &quot;#ffffff&quot;,      &quot;opacity&quot;: 0.4,      &quot;width&quot;: 1    },    &quot;move&quot;: {      &quot;enable&quot;: true,      &quot;speed&quot;: 6,      &quot;direction&quot;: &quot;none&quot;,      &quot;random&quot;: false,      &quot;straight&quot;: false,      &quot;out_mode&quot;: &quot;out&quot;,      &quot;bounce&quot;: false,      &quot;attract&quot;: {        &quot;enable&quot;: false,        &quot;rotateX&quot;: 600,        &quot;rotateY&quot;: 1200      }    }  },  &quot;interactivity&quot;: {    &quot;detect_on&quot;: &quot;canvas&quot;,    &quot;events&quot;: {      &quot;onhover&quot;: {        &quot;enable&quot;: true,        &quot;mode&quot;: &quot;repulse&quot;      },      &quot;onclick&quot;: {        &quot;enable&quot;: true,        &quot;mode&quot;: &quot;push&quot;      },      &quot;resize&quot;: true    },    &quot;modes&quot;: {      &quot;grab&quot;: {        &quot;distance&quot;: 400,        &quot;line_linked&quot;: {          &quot;opacity&quot;: 1        }      },      &quot;bubble&quot;: {        &quot;distance&quot;: 400,        &quot;size&quot;: 40,        &quot;duration&quot;: 2,        &quot;opacity&quot;: 8,        &quot;speed&quot;: 3      },      &quot;repulse&quot;: {        &quot;distance&quot;: 200,        &quot;duration&quot;: 0.4      },      &quot;push&quot;: {        &quot;particles_nb&quot;: 4      },      &quot;remove&quot;: {        &quot;particles_nb&quot;: 2      }    }  },  &quot;retina_detect&quot;: true}\" class=\"has_eae_slider elementor-section elementor-top-section elementor-element elementor-element-62a35d3 elementor-section-height-min-height eae-particle-yes elementor-section-boxed elementor-section-height-default elementor-section-items-middle\" data-eae-slider=\"85642\" data-id=\"62a35d3\" data-element_type=\"section\" data-e-type=\"section\" data-settings=\"{&quot;background_background&quot;:&quot;gradient&quot;}\">\n\t\t\t\t\t\t<div class=\"elementor-container elementor-column-gap-default\">\n\t\t\t\t\t<div class=\"has_eae_slider elementor-column elementor-col-100 elementor-top-column elementor-element elementor-element-80ef70e\" data-eae-slider=\"18958\" data-id=\"80ef70e\" data-element_type=\"column\" data-e-type=\"column\">\n\t\t\t<div class=\"elementor-widget-wrap elementor-element-populated\">\n\t\t\t\t\t\t\t<\/div>\n\t\t<\/div>\n\t\t\t\t\t<\/div>\n\t\t<\/section>\n\t\t\t\t<section class=\"has_eae_slider elementor-section elementor-top-section elementor-element elementor-element-5479e3a elementor-section-full_width elementor-section-height-default elementor-section-height-default\" data-eae-slider=\"8686\" data-id=\"5479e3a\" data-element_type=\"section\" data-e-type=\"section\" data-settings=\"{&quot;background_background&quot;:&quot;classic&quot;}\">\n\t\t\t\t\t\t<div class=\"elementor-container elementor-column-gap-default\">\n\t\t\t\t\t<div class=\"has_eae_slider elementor-column elementor-col-100 elementor-top-column elementor-element elementor-element-6b75c34\" data-eae-slider=\"8959\" data-id=\"6b75c34\" data-element_type=\"column\" data-e-type=\"column\">\n\t\t\t<div class=\"elementor-widget-wrap elementor-element-populated\">\n\t\t\t\t\t\t<section class=\"has_eae_slider elementor-section elementor-inner-section elementor-element elementor-element-a0d4553 elementor-section-boxed elementor-section-height-default elementor-section-height-default\" data-eae-slider=\"76854\" data-id=\"a0d4553\" data-element_type=\"section\" data-e-type=\"section\">\n\t\t\t\t\t\t<div class=\"elementor-container elementor-column-gap-default\">\n\t\t\t\t\t<div class=\"has_eae_slider elementor-column elementor-col-100 elementor-inner-column elementor-element elementor-element-cb95580\" data-eae-slider=\"53322\" data-id=\"cb95580\" data-element_type=\"column\" data-e-type=\"column\">\n\t\t\t<div class=\"elementor-widget-wrap elementor-element-populated\">\n\t\t\t\t\t\t<div class=\"elementor-element elementor-element-ef23390 elementor-widget elementor-widget-heading\" data-id=\"ef23390\" data-element_type=\"widget\" data-e-type=\"widget\" data-widget_type=\"heading.default\">\n\t\t\t\t<div class=\"elementor-widget-container\">\n\t\t\t\t\t<h1 class=\"elementor-heading-title elementor-size-default\">Perch\u00e9 hai bisogno di proxy per i siti di scommesse \n<\/h1>\t\t\t\t<\/div>\n\t\t\t\t<\/div>\n\t\t\t\t\t<\/div>\n\t\t<\/div>\n\t\t\t\t\t<\/div>\n\t\t<\/section>\n\t\t\t\t<section class=\"has_eae_slider elementor-section elementor-inner-section elementor-element elementor-element-18352c3 elementor-section-boxed elementor-section-height-default elementor-section-height-default\" data-eae-slider=\"26277\" data-id=\"18352c3\" data-element_type=\"section\" data-e-type=\"section\">\n\t\t\t\t\t\t<div class=\"elementor-container elementor-column-gap-wide\">\n\t\t\t\t\t<div class=\"has_eae_slider elementor-column elementor-col-50 elementor-inner-column elementor-element elementor-element-e6ff497\" data-eae-slider=\"36467\" data-id=\"e6ff497\" data-element_type=\"column\" data-e-type=\"column\">\n\t\t\t<div class=\"elementor-widget-wrap elementor-element-populated\">\n\t\t\t\t\t\t<div class=\"elementor-element elementor-element-552dbe0 elementor-widget__width-initial elementor-widget elementor-widget-text-editor\" data-id=\"552dbe0\" data-element_type=\"widget\" data-e-type=\"widget\" data-widget_type=\"text-editor.default\">\n\t\t\t\t<div class=\"elementor-widget-container\">\n\t\t\t\t\t\t\t\t\t<div class=\"markdown markdown-main-panel\" dir=\"ltr\"><p data-sourcepos=\"1:1-1:56\"><span style=\"font-family: var(--global-body-font-family);\">Le scommesse sono uno dei passatempi preferiti da milioni di persone in tutto il mondo. Molte persone giocano online per guadagnare soldi, mentre altre lo fanno per divertimento.<\/span><\/p><p data-sourcepos=\"1:1-1:56\"><span style=\"font-family: var(--global-body-font-family);\">\u00a0Indipendentemente dal motivo per cui si gioca, \u00e8 probabile che ci si sia imbattuti in siti di scommesse bloccati. Questi sono siti a cui non \u00e8 possibile accedere da determinati paesi. Come scommettitore, non devi pi\u00f9 preoccuparti di come accedere ai siti di scommesse bloccati. Tutto ci\u00f2 che ti serve \u00e8 un proxy premium.<\/span><\/p><p data-sourcepos=\"5:1-5:126\">Con un server proxy premium, puoi accedere a qualsiasi sito di gambling desideri senza che il tuo indirizzo IP venga rivelato.<\/p><p data-sourcepos=\"7:1-7:85\">In questo articolo, imparerai di pi\u00f9 sui proxy premium, incluso dove acquistarne uno.<\/p><p data-sourcepos=\"9:1-9:27\"><strong>Cos&#8217;\u00e8 un proxy premium?<\/strong><\/p><p data-sourcepos=\"11:1-11:438\">In poche parole, un proxy premium \u00e8 un computer remoto che si interpone tra il server e l&#8217;utente per nascondere l&#8217;indirizzo IP dell&#8217;utente. Una volta che il proxy nasconde il tuo indirizzo IP, puoi accedere a siti bloccati senza rivelare la tua posizione o l&#8217;indirizzo IP.\u00a0<\/p><p data-sourcepos=\"11:1-11:438\">Un&#8217;altra cosa da notare \u00e8 che un server proxy \u00e8 specifico per un paese. Quindi, se vuoi accedere a molti paesi o siti web bloccati, devi acquistare pi\u00f9 server proxy.<\/p><p data-sourcepos=\"13:1-13:59\"><strong>Dove posso acquistare un proxy premium per il gambling?<\/strong><\/p><p data-sourcepos=\"15:1-15:448\">Non devi preoccuparti di dove trovare un server proxy premium; sono facilmente reperibili sul mercato. Se devi acquistarne uno, ti basta visitare proxyitalia.it e avrai risolto. I server proxy disponibili, tuttavia, non sono gratuiti. Dovrai pagare qualche euro per ottenerne uno.\u00a0<\/p><p data-sourcepos=\"15:1-15:448\">Inoltre, i server proxy sono convenienti, quindi non devi preoccuparti del tuo budget. In effetti, puoi ottenere un proxy premium per soli 9,99 euro.<\/p><p data-sourcepos=\"19:1-19:83\"><strong>Cose da considerare quando si acquista il miglior server proxy per le scommesse<\/strong><\/p><p data-sourcepos=\"21:1-21:198\">Come abbiamo detto, i server proxy sono facilmente reperibili sul mercato. Tuttavia, non tutti sono adatti per il gambling. Quindi, prima di acquistarne uno, dovresti considerare i seguenti fattori:<\/p><ul data-sourcepos=\"23:1-27:0\"><li data-sourcepos=\"23:1-23:243\"><strong>Velocit\u00e0:<\/strong> la velocit\u00e0 \u00e8 uno degli aspetti importanti da considerare prima di acquistare un server proxy. In particolare, dovresti controllare la velocit\u00e0 di connessione del proxy che desideri acquistare. Se \u00e8 veloce, allora puoi pagarlo.<\/li><li data-sourcepos=\"24:1-24:218\"><strong>Posizioni dei server:<\/strong> devi anche considerare le posizioni a cui puoi accedere tramite il servizio proxy. In particolare, il proxy di tua scelta dovrebbe consentirti di accedere a paesi che consentono le scommesse . In Italia \u00e8 facile accedere ai siti di scommesse .C&#8217;e&#8217; un p\u00f2 di burocrazia da sbrogliare ma in pochi minuti avrai risolto<\/li><li data-sourcepos=\"25:1-25:131\"><strong>Costo:<\/strong> un altro fattore da considerare \u00e8 il prezzo. Un buon server proxy che merita i tuoi soldi dovrebbe essere conveniente.<\/li><li data-sourcepos=\"26:1-27:0\"><strong>Assistenza clienti:<\/strong> ogni rivenditore di proxy dovrebbe fornire ai clienti un servizio di assistenza clienti 24\/7. In altre parole, il rivenditore dovrebbe risolvere eventuali problemi tecnici che si verificano nel pi\u00f9 breve tempo possibile. Assicurati di controllare tutto ci\u00f2 prima di acquistare un server proxy.<\/li><\/ul><p data-sourcepos=\"28:1-28:15\"><strong>Conclusione<\/strong><\/p><p data-sourcepos=\"30:1-30:553\">Se ti sei preoccupato di come piazzare scommesse su siti di scommesse bloccati, non preoccuparti pi\u00f9. Tutto ci\u00f2 che ti serve \u00e8 un proxy premium e sarai a posto.\u00a0<\/p><p data-sourcepos=\"30:1-30:553\">Con i server proxy, puoi accedere al sito di gioco che desideri senza rivelare il tuo indirizzo IP. Una cosa che devi notare \u00e8 che non tutti i proxy premium sono adatti per il gambling.\u00a0<\/p><p data-sourcepos=\"30:1-30:553\">Per questo motivo, \u00e8 necessario considerare alcuni aspetti prima di acquistarne uno. Ad esempio, \u00e8 necessario considerare la velocit\u00e0, le posizioni dei server, l&#8217;assistenza clienti e, soprattutto, il prezzo.<\/p><\/div>\t\t\t\t\t\t\t\t<\/div>\n\t\t\t\t<\/div>\n\t\t\t\t<div class=\"elementor-element elementor-element-666e368 elementor-mobile-align-center elementor-widget elementor-widget-button\" data-id=\"666e368\" data-element_type=\"widget\" data-e-type=\"widget\" data-widget_type=\"button.default\">\n\t\t\t\t<div class=\"elementor-widget-container\">\n\t\t\t\t\t\t\t\t\t<div class=\"elementor-button-wrapper\">\n\t\t\t\t\t<a class=\"elementor-button elementor-button-link elementor-size-sm\" href=\"http:\/\/proxyitalia.it\/en\/prezzi\/\">\n\t\t\t\t\t\t<span class=\"elementor-button-content-wrapper\">\n\t\t\t\t\t\t\t\t\t<span class=\"elementor-button-text\">See our prices<\/span>\n\t\t\t\t\t<\/span>\n\t\t\t\t\t<\/a>\n\t\t\t\t<\/div>\n\t\t\t\t\t\t\t\t<\/div>\n\t\t\t\t<\/div>\n\t\t\t\t\t<\/div>\n\t\t<\/div>\n\t\t\t\t<div class=\"has_eae_slider elementor-column elementor-col-50 elementor-inner-column elementor-element elementor-element-d1ba049\" data-eae-slider=\"33135\" data-id=\"d1ba049\" data-element_type=\"column\" data-e-type=\"column\">\n\t\t\t<div class=\"elementor-widget-wrap elementor-element-populated\">\n\t\t\t\t\t\t<div class=\"elementor-element elementor-element-e05ab9c elementor-widget elementor-widget-image\" data-id=\"e05ab9c\" data-element_type=\"widget\" data-e-type=\"widget\" data-widget_type=\"image.default\">\n\t\t\t\t<div class=\"elementor-widget-container\">\n\t\t\t\t\t\t\t\t\t\t\t\t\t\t\t<img fetchpriority=\"high\" decoding=\"async\" width=\"1024\" height=\"1024\" src=\"https:\/\/proxyitalia.it\/wp-content\/uploads\/2023\/11\/9398ebdf-4af2-4b32-be5c-97aa7e2e2a8f.jpeg\" class=\"attachment-full size-full wp-image-2121\" alt=\"proxy 4g per siti di scommesse\" srcset=\"https:\/\/proxyitalia.it\/wp-content\/uploads\/2023\/11\/9398ebdf-4af2-4b32-be5c-97aa7e2e2a8f.jpeg 1024w, https:\/\/proxyitalia.it\/wp-content\/uploads\/2023\/11\/9398ebdf-4af2-4b32-be5c-97aa7e2e2a8f-300x300.jpeg 300w, https:\/\/proxyitalia.it\/wp-content\/uploads\/2023\/11\/9398ebdf-4af2-4b32-be5c-97aa7e2e2a8f-100x100.jpeg 100w, https:\/\/proxyitalia.it\/wp-content\/uploads\/2023\/11\/9398ebdf-4af2-4b32-be5c-97aa7e2e2a8f-600x600.jpeg 600w, https:\/\/proxyitalia.it\/wp-content\/uploads\/2023\/11\/9398ebdf-4af2-4b32-be5c-97aa7e2e2a8f-150x150.jpeg 150w, https:\/\/proxyitalia.it\/wp-content\/uploads\/2023\/11\/9398ebdf-4af2-4b32-be5c-97aa7e2e2a8f-768x768.jpeg 768w, https:\/\/proxyitalia.it\/wp-content\/uploads\/2023\/11\/9398ebdf-4af2-4b32-be5c-97aa7e2e2a8f-12x12.jpeg 12w\" sizes=\"(max-width: 1024px) 100vw, 1024px\" \/>\t\t\t\t\t\t\t\t\t\t\t\t\t\t\t<\/div>\n\t\t\t\t<\/div>\n\t\t\t\t\t<\/div>\n\t\t<\/div>\n\t\t\t\t\t<\/div>\n\t\t<\/section>\n\t\t\t\t\t<\/div>\n\t\t<\/div>\n\t\t\t\t\t<\/div>\n\t\t<\/section>\n\t\t\t\t<\/div>","protected":false},"excerpt":{"rendered":"<p>Perch\u00e9 hai bisogno di proxy per i siti di scommesse Le scommesse sono uno dei passatempi preferiti da milioni di persone in tutto il mondo. Molte persone giocano online per guadagnare soldi, mentre altre lo fanno per divertimento. \u00a0Indipendentemente dal motivo per cui si gioca, \u00e8 probabile che ci si sia imbattuti in siti di&#8230;<\/p>","protected":false},"author":2,"featured_media":2121,"parent":0,"menu_order":0,"comment_status":"closed","ping_status":"closed","template":"elementor_header_footer","meta":{"_acf_changed":false,"_monsterinsights_skip_tracking":false,"_monsterinsights_sitenote_active":false,"_monsterinsights_sitenote_note":"","_monsterinsights_sitenote_category":0,"_kad_post_transparent":"","_kad_post_title":"hide","_kad_post_layout":"fullwidth","_kad_post_sidebar_id":"","_kad_post_content_style":"unboxed","_kad_post_vertical_padding":"hide","_kad_post_feature":"hide","_kad_post_feature_position":"","_kad_post_header":false,"_kad_post_footer":false,"footnotes":""},"class_list":["post-2116","page","type-page","status-publish","has-post-thumbnail","hentry"],"acf":[],"yoast_head":"<!-- This site is optimized with the Yoast SEO Premium plugin v20.11 (Yoast SEO v27.5) - https:\/\/yoast.com\/product\/yoast-seo-premium-wordpress\/ -->\n<title>Proxy per scommesse - Proxyitalia<\/title>\n<meta name=\"description\" content=\"Proxy per Scommesse: Massima Sicurezza e Accesso Ininterrotto. Ottieni Vantaggi Esclusivi con i Nostri Servizi di Proxy\" \/>\n<meta name=\"robots\" content=\"index, follow, max-snippet:-1, max-image-preview:large, max-video-preview:-1\" \/>\n<link rel=\"canonical\" href=\"https:\/\/proxyitalia.it\/en\/proxy-per-scommesse\/\" \/>\n<meta property=\"og:locale\" content=\"en_GB\" \/>\n<meta property=\"og:type\" content=\"article\" \/>\n<meta property=\"og:title\" content=\"Proxy per scommesse\" \/>\n<meta property=\"og:description\" content=\"Proxy per Scommesse: Massima Sicurezza e Accesso Ininterrotto. Ottieni Vantaggi Esclusivi con i Nostri Servizi di Proxy\" \/>\n<meta property=\"og:url\" content=\"https:\/\/proxyitalia.it\/en\/proxy-per-scommesse\/\" \/>\n<meta property=\"og:site_name\" content=\"Proxyitalia\" \/>\n<meta property=\"article:modified_time\" content=\"2024-11-26T09:26:29+00:00\" \/>\n<meta property=\"og:image\" content=\"https:\/\/proxyitalia.it\/wp-content\/uploads\/2023\/11\/9398ebdf-4af2-4b32-be5c-97aa7e2e2a8f.jpeg\" \/>\n\t<meta property=\"og:image:width\" content=\"1024\" \/>\n\t<meta property=\"og:image:height\" content=\"1024\" \/>\n\t<meta property=\"og:image:type\" content=\"image\/jpeg\" \/>\n<meta name=\"twitter:card\" content=\"summary_large_image\" \/>\n<meta name=\"twitter:label1\" content=\"Estimated reading time\" \/>\n\t<meta name=\"twitter:data1\" content=\"4 minutes\" \/>\n<script type=\"application\/ld+json\" class=\"yoast-schema-graph\">{\"@context\":\"https:\\\/\\\/schema.org\",\"@graph\":[{\"@type\":\"WebPage\",\"@id\":\"https:\\\/\\\/proxyitalia.it\\\/proxy-per-scommesse\\\/\",\"url\":\"https:\\\/\\\/proxyitalia.it\\\/proxy-per-scommesse\\\/\",\"name\":\"Proxy per scommesse - Proxyitalia\",\"isPartOf\":{\"@id\":\"https:\\\/\\\/proxyitalia.it\\\/#website\"},\"primaryImageOfPage\":{\"@id\":\"https:\\\/\\\/proxyitalia.it\\\/proxy-per-scommesse\\\/#primaryimage\"},\"image\":{\"@id\":\"https:\\\/\\\/proxyitalia.it\\\/proxy-per-scommesse\\\/#primaryimage\"},\"thumbnailUrl\":\"https:\\\/\\\/proxyitalia.it\\\/wp-content\\\/uploads\\\/2023\\\/11\\\/9398ebdf-4af2-4b32-be5c-97aa7e2e2a8f.jpeg\",\"datePublished\":\"2023-11-07T13:12:17+00:00\",\"dateModified\":\"2024-11-26T09:26:29+00:00\",\"description\":\"Proxy per Scommesse: Massima Sicurezza e Accesso Ininterrotto. Ottieni Vantaggi Esclusivi con i Nostri Servizi di Proxy\",\"breadcrumb\":{\"@id\":\"https:\\\/\\\/proxyitalia.it\\\/proxy-per-scommesse\\\/#breadcrumb\"},\"inLanguage\":\"en-GB\",\"potentialAction\":[{\"@type\":\"ReadAction\",\"target\":[\"https:\\\/\\\/proxyitalia.it\\\/proxy-per-scommesse\\\/\"]}]},{\"@type\":\"ImageObject\",\"inLanguage\":\"en-GB\",\"@id\":\"https:\\\/\\\/proxyitalia.it\\\/proxy-per-scommesse\\\/#primaryimage\",\"url\":\"https:\\\/\\\/proxyitalia.it\\\/wp-content\\\/uploads\\\/2023\\\/11\\\/9398ebdf-4af2-4b32-be5c-97aa7e2e2a8f.jpeg\",\"contentUrl\":\"https:\\\/\\\/proxyitalia.it\\\/wp-content\\\/uploads\\\/2023\\\/11\\\/9398ebdf-4af2-4b32-be5c-97aa7e2e2a8f.jpeg\",\"width\":1024,\"height\":1024,\"caption\":\"proxy 4g per siti di scommesse\"},{\"@type\":\"BreadcrumbList\",\"@id\":\"https:\\\/\\\/proxyitalia.it\\\/proxy-per-scommesse\\\/#breadcrumb\",\"itemListElement\":[{\"@type\":\"ListItem\",\"position\":1,\"name\":\"Home\",\"item\":\"https:\\\/\\\/proxyitalia.it\\\/\"},{\"@type\":\"ListItem\",\"position\":2,\"name\":\"Proxy per scommesse\"}]},{\"@type\":\"WebSite\",\"@id\":\"https:\\\/\\\/proxyitalia.it\\\/#website\",\"url\":\"https:\\\/\\\/proxyitalia.it\\\/\",\"name\":\"Proxyitalia\",\"description\":\"Proxyitalia It\",\"publisher\":{\"@id\":\"https:\\\/\\\/proxyitalia.it\\\/#organization\"},\"potentialAction\":[{\"@type\":\"SearchAction\",\"target\":{\"@type\":\"EntryPoint\",\"urlTemplate\":\"https:\\\/\\\/proxyitalia.it\\\/?s={search_term_string}\"},\"query-input\":{\"@type\":\"PropertyValueSpecification\",\"valueRequired\":true,\"valueName\":\"search_term_string\"}}],\"inLanguage\":\"en-GB\"},{\"@type\":\"Organization\",\"@id\":\"https:\\\/\\\/proxyitalia.it\\\/#organization\",\"name\":\"Proxyitalia\",\"url\":\"https:\\\/\\\/proxyitalia.it\\\/\",\"logo\":{\"@type\":\"ImageObject\",\"inLanguage\":\"en-GB\",\"@id\":\"https:\\\/\\\/proxyitalia.it\\\/#\\\/schema\\\/logo\\\/image\\\/\",\"url\":\"https:\\\/\\\/proxyitalia.it\\\/wp-content\\\/uploads\\\/2025\\\/10\\\/cropped-cropped-Gemini_Generated_Image_qr1wvhqr1wvhqr1w-removebg-preview.png\",\"contentUrl\":\"https:\\\/\\\/proxyitalia.it\\\/wp-content\\\/uploads\\\/2025\\\/10\\\/cropped-cropped-Gemini_Generated_Image_qr1wvhqr1wvhqr1w-removebg-preview.png\",\"width\":359,\"height\":247,\"caption\":\"Proxyitalia\"},\"image\":{\"@id\":\"https:\\\/\\\/proxyitalia.it\\\/#\\\/schema\\\/logo\\\/image\\\/\"}}]}<\/script>\n<!-- \/ Yoast SEO Premium plugin. -->","yoast_head_json":{"title":"Proxy per scommesse - Proxyitalia","description":"Proxy per Scommesse: Massima Sicurezza e Accesso Ininterrotto. Ottieni Vantaggi Esclusivi con i Nostri Servizi di Proxy","robots":{"index":"index","follow":"follow","max-snippet":"max-snippet:-1","max-image-preview":"max-image-preview:large","max-video-preview":"max-video-preview:-1"},"canonical":"https:\/\/proxyitalia.it\/en\/proxy-per-scommesse\/","og_locale":"en_GB","og_type":"article","og_title":"Proxy per scommesse","og_description":"Proxy per Scommesse: Massima Sicurezza e Accesso Ininterrotto. Ottieni Vantaggi Esclusivi con i Nostri Servizi di Proxy","og_url":"https:\/\/proxyitalia.it\/en\/proxy-per-scommesse\/","og_site_name":"Proxyitalia","article_modified_time":"2024-11-26T09:26:29+00:00","og_image":[{"width":1024,"height":1024,"url":"https:\/\/proxyitalia.it\/wp-content\/uploads\/2023\/11\/9398ebdf-4af2-4b32-be5c-97aa7e2e2a8f.jpeg","type":"image\/jpeg"}],"twitter_card":"summary_large_image","twitter_misc":{"Estimated reading time":"4 minutes"},"schema":{"@context":"https:\/\/schema.org","@graph":[{"@type":"WebPage","@id":"https:\/\/proxyitalia.it\/proxy-per-scommesse\/","url":"https:\/\/proxyitalia.it\/proxy-per-scommesse\/","name":"Proxy per scommesse - Proxyitalia","isPartOf":{"@id":"https:\/\/proxyitalia.it\/#website"},"primaryImageOfPage":{"@id":"https:\/\/proxyitalia.it\/proxy-per-scommesse\/#primaryimage"},"image":{"@id":"https:\/\/proxyitalia.it\/proxy-per-scommesse\/#primaryimage"},"thumbnailUrl":"https:\/\/proxyitalia.it\/wp-content\/uploads\/2023\/11\/9398ebdf-4af2-4b32-be5c-97aa7e2e2a8f.jpeg","datePublished":"2023-11-07T13:12:17+00:00","dateModified":"2024-11-26T09:26:29+00:00","description":"Proxy per Scommesse: Massima Sicurezza e Accesso Ininterrotto. Ottieni Vantaggi Esclusivi con i Nostri Servizi di Proxy","breadcrumb":{"@id":"https:\/\/proxyitalia.it\/proxy-per-scommesse\/#breadcrumb"},"inLanguage":"en-GB","potentialAction":[{"@type":"ReadAction","target":["https:\/\/proxyitalia.it\/proxy-per-scommesse\/"]}]},{"@type":"ImageObject","inLanguage":"en-GB","@id":"https:\/\/proxyitalia.it\/proxy-per-scommesse\/#primaryimage","url":"https:\/\/proxyitalia.it\/wp-content\/uploads\/2023\/11\/9398ebdf-4af2-4b32-be5c-97aa7e2e2a8f.jpeg","contentUrl":"https:\/\/proxyitalia.it\/wp-content\/uploads\/2023\/11\/9398ebdf-4af2-4b32-be5c-97aa7e2e2a8f.jpeg","width":1024,"height":1024,"caption":"proxy 4g per siti di scommesse"},{"@type":"BreadcrumbList","@id":"https:\/\/proxyitalia.it\/proxy-per-scommesse\/#breadcrumb","itemListElement":[{"@type":"ListItem","position":1,"name":"Home","item":"https:\/\/proxyitalia.it\/"},{"@type":"ListItem","position":2,"name":"Proxy per scommesse"}]},{"@type":"WebSite","@id":"https:\/\/proxyitalia.it\/#website","url":"https:\/\/proxyitalia.it\/","name":"Proxyitalia","description":"Proxyitalia It","publisher":{"@id":"https:\/\/proxyitalia.it\/#organization"},"potentialAction":[{"@type":"SearchAction","target":{"@type":"EntryPoint","urlTemplate":"https:\/\/proxyitalia.it\/?s={search_term_string}"},"query-input":{"@type":"PropertyValueSpecification","valueRequired":true,"valueName":"search_term_string"}}],"inLanguage":"en-GB"},{"@type":"Organization","@id":"https:\/\/proxyitalia.it\/#organization","name":"Proxyitalia","url":"https:\/\/proxyitalia.it\/","logo":{"@type":"ImageObject","inLanguage":"en-GB","@id":"https:\/\/proxyitalia.it\/#\/schema\/logo\/image\/","url":"https:\/\/proxyitalia.it\/wp-content\/uploads\/2025\/10\/cropped-cropped-Gemini_Generated_Image_qr1wvhqr1wvhqr1w-removebg-preview.png","contentUrl":"https:\/\/proxyitalia.it\/wp-content\/uploads\/2025\/10\/cropped-cropped-Gemini_Generated_Image_qr1wvhqr1wvhqr1w-removebg-preview.png","width":359,"height":247,"caption":"Proxyitalia"},"image":{"@id":"https:\/\/proxyitalia.it\/#\/schema\/logo\/image\/"}}]}},"_links":{"self":[{"href":"https:\/\/proxyitalia.it\/en\/wp-json\/wp\/v2\/pages\/2116","targetHints":{"allow":["GET"]}}],"collection":[{"href":"https:\/\/proxyitalia.it\/en\/wp-json\/wp\/v2\/pages"}],"about":[{"href":"https:\/\/proxyitalia.it\/en\/wp-json\/wp\/v2\/types\/page"}],"author":[{"embeddable":true,"href":"https:\/\/proxyitalia.it\/en\/wp-json\/wp\/v2\/users\/2"}],"replies":[{"embeddable":true,"href":"https:\/\/proxyitalia.it\/en\/wp-json\/wp\/v2\/comments?post=2116"}],"version-history":[{"count":11,"href":"https:\/\/proxyitalia.it\/en\/wp-json\/wp\/v2\/pages\/2116\/revisions"}],"predecessor-version":[{"id":2195,"href":"https:\/\/proxyitalia.it\/en\/wp-json\/wp\/v2\/pages\/2116\/revisions\/2195"}],"wp:featuredmedia":[{"embeddable":true,"href":"https:\/\/proxyitalia.it\/en\/wp-json\/wp\/v2\/media\/2121"}],"wp:attachment":[{"href":"https:\/\/proxyitalia.it\/en\/wp-json\/wp\/v2\/media?parent=2116"}],"curies":[{"name":"wp","href":"https:\/\/api.w.org\/{rel}","templated":true}]}}