{"id":545,"date":"2023-06-12T21:44:50","date_gmt":"2023-06-12T21:44:50","guid":{"rendered":"http:\/\/proxyitalia.it\/?page_id=545"},"modified":"2024-01-13T15:29:45","modified_gmt":"2024-01-13T15:29:45","slug":"proxy-per-facebook","status":"publish","type":"page","link":"https:\/\/proxyitalia.it\/en\/proxy-per-facebook\/","title":{"rendered":"Proxies for Facebook"},"content":{"rendered":"<div data-elementor-type=\"wp-page\" data-elementor-id=\"545\" class=\"elementor elementor-545\" data-elementor-post-type=\"page\">\n\t\t\t\t\t\t<section data-eae-particle=\"{  &quot;particles&quot;: {    &quot;number&quot;: {      &quot;value&quot;: 80,      &quot;density&quot;: {        &quot;enable&quot;: true,        &quot;value_area&quot;: 800      }    },    &quot;color&quot;: {      &quot;value&quot;: &quot;#ffffff&quot;    },    &quot;shape&quot;: {      &quot;type&quot;: &quot;circle&quot;,      &quot;stroke&quot;: {        &quot;width&quot;: 0,        &quot;color&quot;: &quot;#000000&quot;      },      &quot;polygon&quot;: {        &quot;nb_sides&quot;: 5      },      &quot;image&quot;: {        &quot;src&quot;: &quot;img\/github.svg&quot;,        &quot;width&quot;: 100,        &quot;height&quot;: 100      }    },    &quot;opacity&quot;: {      &quot;value&quot;: 0.5,      &quot;random&quot;: false,      &quot;anim&quot;: {        &quot;enable&quot;: false,        &quot;speed&quot;: 1,        &quot;opacity_min&quot;: 0.1,        &quot;sync&quot;: false      }    },    &quot;size&quot;: {      &quot;value&quot;: 3,      &quot;random&quot;: true,      &quot;anim&quot;: {        &quot;enable&quot;: false,        &quot;speed&quot;: 40,        &quot;size_min&quot;: 0.1,        &quot;sync&quot;: false      }    },    &quot;line_linked&quot;: {      &quot;enable&quot;: true,      &quot;distance&quot;: 150,      &quot;color&quot;: &quot;#ffffff&quot;,      &quot;opacity&quot;: 0.4,      &quot;width&quot;: 1    },    &quot;move&quot;: {      &quot;enable&quot;: true,      &quot;speed&quot;: 6,      &quot;direction&quot;: &quot;none&quot;,      &quot;random&quot;: false,      &quot;straight&quot;: false,      &quot;out_mode&quot;: &quot;out&quot;,      &quot;bounce&quot;: false,      &quot;attract&quot;: {        &quot;enable&quot;: false,        &quot;rotateX&quot;: 600,        &quot;rotateY&quot;: 1200      }    }  },  &quot;interactivity&quot;: {    &quot;detect_on&quot;: &quot;canvas&quot;,    &quot;events&quot;: {      &quot;onhover&quot;: {        &quot;enable&quot;: true,        &quot;mode&quot;: &quot;repulse&quot;      },      &quot;onclick&quot;: {        &quot;enable&quot;: true,        &quot;mode&quot;: &quot;push&quot;      },      &quot;resize&quot;: true    },    &quot;modes&quot;: {      &quot;grab&quot;: {        &quot;distance&quot;: 400,        &quot;line_linked&quot;: {          &quot;opacity&quot;: 1        }      },      &quot;bubble&quot;: {        &quot;distance&quot;: 400,        &quot;size&quot;: 40,        &quot;duration&quot;: 2,        &quot;opacity&quot;: 8,        &quot;speed&quot;: 3      },      &quot;repulse&quot;: {        &quot;distance&quot;: 200,        &quot;duration&quot;: 0.4      },      &quot;push&quot;: {        &quot;particles_nb&quot;: 4      },      &quot;remove&quot;: {        &quot;particles_nb&quot;: 2      }    }  },  &quot;retina_detect&quot;: true}\" class=\"has_eae_slider elementor-section elementor-top-section elementor-element elementor-element-7be3afd elementor-section-height-min-height eae-particle-yes elementor-section-boxed elementor-section-height-default elementor-section-items-middle\" data-eae-slider=\"27553\" data-id=\"7be3afd\" data-element_type=\"section\" data-e-type=\"section\" data-settings=\"{&quot;background_background&quot;:&quot;gradient&quot;}\">\n\t\t\t\t\t\t<div class=\"elementor-container elementor-column-gap-default\">\n\t\t\t\t\t<div class=\"has_eae_slider elementor-column elementor-col-100 elementor-top-column elementor-element elementor-element-ad5b038\" data-eae-slider=\"85698\" data-id=\"ad5b038\" data-element_type=\"column\" data-e-type=\"column\">\n\t\t\t<div class=\"elementor-widget-wrap elementor-element-populated\">\n\t\t\t\t\t\t\t<\/div>\n\t\t<\/div>\n\t\t\t\t\t<\/div>\n\t\t<\/section>\n\t\t\t\t<section class=\"has_eae_slider elementor-section elementor-top-section elementor-element elementor-element-94e73e8 elementor-section-full_width elementor-section-height-default elementor-section-height-default\" data-eae-slider=\"52804\" data-id=\"94e73e8\" data-element_type=\"section\" data-e-type=\"section\" data-settings=\"{&quot;background_background&quot;:&quot;classic&quot;}\">\n\t\t\t\t\t\t<div class=\"elementor-container elementor-column-gap-default\">\n\t\t\t\t\t<div class=\"has_eae_slider elementor-column elementor-col-100 elementor-top-column elementor-element elementor-element-2e9b83b\" data-eae-slider=\"80950\" data-id=\"2e9b83b\" data-element_type=\"column\" data-e-type=\"column\">\n\t\t\t<div class=\"elementor-widget-wrap elementor-element-populated\">\n\t\t\t\t\t\t<section class=\"has_eae_slider elementor-section elementor-inner-section elementor-element elementor-element-3c2edd0 elementor-section-boxed elementor-section-height-default elementor-section-height-default\" data-eae-slider=\"24172\" data-id=\"3c2edd0\" data-element_type=\"section\" data-e-type=\"section\">\n\t\t\t\t\t\t<div class=\"elementor-container elementor-column-gap-default\">\n\t\t\t\t\t<div class=\"has_eae_slider elementor-column elementor-col-100 elementor-inner-column elementor-element elementor-element-7eb3d2d\" data-eae-slider=\"72608\" data-id=\"7eb3d2d\" data-element_type=\"column\" data-e-type=\"column\">\n\t\t\t<div class=\"elementor-widget-wrap elementor-element-populated\">\n\t\t\t\t\t\t<div class=\"elementor-element elementor-element-80fa0d8 elementor-widget elementor-widget-heading\" data-id=\"80fa0d8\" data-element_type=\"widget\" data-e-type=\"widget\" data-widget_type=\"heading.default\">\n\t\t\t\t<div class=\"elementor-widget-container\">\n\t\t\t\t\t<h2 class=\"elementor-heading-title elementor-size-default\">Why do you need proxies for <span style=\"color: #bd1219\">Facebook<\/span>\n<\/h2>\t\t\t\t<\/div>\n\t\t\t\t<\/div>\n\t\t\t\t\t<\/div>\n\t\t<\/div>\n\t\t\t\t\t<\/div>\n\t\t<\/section>\n\t\t\t\t<section class=\"has_eae_slider elementor-section elementor-inner-section elementor-element elementor-element-165f11d elementor-section-boxed elementor-section-height-default elementor-section-height-default\" data-eae-slider=\"16275\" data-id=\"165f11d\" data-element_type=\"section\" data-e-type=\"section\">\n\t\t\t\t\t\t<div class=\"elementor-container elementor-column-gap-wide\">\n\t\t\t\t\t<div class=\"has_eae_slider elementor-column elementor-col-50 elementor-inner-column elementor-element elementor-element-350a274\" data-eae-slider=\"46265\" data-id=\"350a274\" data-element_type=\"column\" data-e-type=\"column\">\n\t\t\t<div class=\"elementor-widget-wrap elementor-element-populated\">\n\t\t\t\t\t\t<div class=\"elementor-element elementor-element-552dbe0 elementor-widget elementor-widget-text-editor\" data-id=\"552dbe0\" data-element_type=\"widget\" data-e-type=\"widget\" data-widget_type=\"text-editor.default\">\n\t\t\t\t<div class=\"elementor-widget-container\">\n\t\t\t\t\t\t\t\t\t<p data-sourcepos=\"1:1-1:85\"><strong>Ti stai chiedendo come aumentare le tue interazioni e le tue vendite su Facebook?<\/strong><\/p><p data-sourcepos=\"3:1-3:105\"><strong>ProxyItalia offre un servizio di proxy 4G per la gestione degli account Facebook che ti permette di:<\/strong><\/p><ul data-sourcepos=\"5:1-8:0\"><li data-sourcepos=\"5:1-5:164\"><strong>Evitare i blocchi degli account:<\/strong>\u00a0il nostro proxy maschera il tuo indirizzo IP, impedendo a Facebook di rilevare un&#8217;attivit\u00e0 anomala e bloccare i tuoi account.<\/li><li data-sourcepos=\"6:1-6:188\"><strong>Aumentare la velocit\u00e0 di connessione:<\/strong>\u00a0il nostro proxy 4G offre una connessione Internet ad alta velocit\u00e0, permettendoti di gestire pi\u00f9 account contemporaneamente senza rallentamenti.<\/li><li data-sourcepos=\"7:1-8:0\"><strong>Sfruttare al massimo le funzionalit\u00e0 di Facebook:<\/strong>\u00a0il nostro proxy supporta tutti i protocolli di Facebook, inclusi Socks5 e HTTP(s).<\/li><\/ul><p data-sourcepos=\"9:1-9:117\"><strong>Con il nostro servizio di proxy 4G, puoi finalmente gestire i tuoi account Facebook in modo sicuro ed efficiente.<\/strong><\/p><p data-sourcepos=\"11:1-11:63\"><strong>Ecco alcuni esempi di come puoi utilizzare il nostro proxy:<\/strong><\/p><ul data-sourcepos=\"13:1-16:0\"><li data-sourcepos=\"13:1-13:59\"><strong>Pubblicare contenuti su pi\u00f9 pagine contemporaneamente<\/strong><\/li><li data-sourcepos=\"14:1-14:61\"><strong>Interagire con gli utenti in modo pi\u00f9 rapido e efficace<\/strong><\/li><li data-sourcepos=\"15:1-16:0\"><strong>Condurre campagne pubblicitarie pi\u00f9 mirate<\/strong><\/li><\/ul><p data-sourcepos=\"17:1-17:133\"><strong>Se sei un proprietario di un&#8217;azienda o di un&#8217;attivit\u00e0 commerciale, il nostro servizio di proxy 4G \u00e8 la soluzione perfetta per te.<\/strong><\/p><p data-sourcepos=\"19:1-19:46\"><strong>Contattaci oggi stesso per saperne di pi\u00f9!<\/strong><\/p><p data-sourcepos=\"23:1-23:70\"><strong>Perch\u00e9 dovresti scegliere il servizio di proxy 4G di ProxyItalia?<\/strong><\/p><p data-sourcepos=\"25:1-25:23\"><strong>Ecco alcuni motivi:<\/strong><\/p><ul data-sourcepos=\"27:1-30:0\"><li data-sourcepos=\"27:1-27:113\"><strong>Sicurezza:<\/strong>\u00a0il nostro proxy maschera il tuo indirizzo IP, proteggendoti da potenziali blocchi degli account.<\/li><li data-sourcepos=\"28:1-28:162\"><strong>Efficienza:<\/strong>\u00a0il nostro proxy 4G offre una connessione Internet ad alta velocit\u00e0, permettendoti di gestire pi\u00f9 account contemporaneamente senza rallentamenti.<\/li><li data-sourcepos=\"29:1-30:0\"><strong>Flessibilit\u00e0:<\/strong>\u00a0il nostro proxy supporta tutti i protocolli di Facebook, permettendoti di utilizzare tutte le funzionalit\u00e0 della piattaforma.<\/li><\/ul><p data-sourcepos=\"31:1-31:123\"><strong>Con il nostro servizio di proxy 4G, puoi finalmente sfruttare al massimo il potenziale di Facebook per la tua attivit\u00e0.<\/strong><\/p><p data-sourcepos=\"33:1-33:135\"><strong>Ecco alcuni esempi specifici di come puoi utilizzare il nostro proxy per aumentare le tue interazioni e le tue vendite su Facebook:<\/strong><\/p><ul data-sourcepos=\"35:1-38:0\"><li data-sourcepos=\"35:1-35:226\"><strong>Pubblica contenuti su pi\u00f9 pagine contemporaneamente:<\/strong>\u00a0puoi utilizzare il nostro proxy per pubblicare contenuti su pi\u00f9 pagine contemporaneamente, aumentando la visibilit\u00e0 dei tuoi post e raggiungendo un pubblico pi\u00f9 ampio.<\/li><li data-sourcepos=\"36:1-36:218\"><strong>Interagisci con gli utenti in modo pi\u00f9 rapido e efficace:<\/strong>\u00a0puoi utilizzare il nostro proxy per rispondere ai commenti e alle domande degli utenti in modo pi\u00f9 rapido e efficace, migliorando la tua customer service.<\/li><li data-sourcepos=\"37:1-38:0\"><strong>Condividi contenuti sponsorizzati con un pubblico pi\u00f9 mirato:<\/strong> puoi utilizzare il nostro proxy per targhettizzare i tuoi contenuti sponsorizzati su un pubblico pi\u00f9 specifico, aumentando le probabilit\u00e0 di conversione.<\/li><\/ul><p data-sourcepos=\"39:1-39:154\"><strong>Se sei pronto a prendere il tuo business su Facebook al livello successivo, contattaci oggi stesso per saperne di pi\u00f9 sul nostro servizio di proxy 4G!<\/strong><\/p>\t\t\t\t\t\t\t\t<\/div>\n\t\t\t\t<\/div>\n\t\t\t\t<div class=\"elementor-element elementor-element-f66f49f elementor-mobile-align-center elementor-widget elementor-widget-button\" data-id=\"f66f49f\" data-element_type=\"widget\" data-e-type=\"widget\" data-widget_type=\"button.default\">\n\t\t\t\t<div class=\"elementor-widget-container\">\n\t\t\t\t\t\t\t\t\t<div class=\"elementor-button-wrapper\">\n\t\t\t\t\t<a class=\"elementor-button elementor-button-link elementor-size-sm\" href=\"http:\/\/proxyitalia.it\/en\/prezzi\/\">\n\t\t\t\t\t\t<span class=\"elementor-button-content-wrapper\">\n\t\t\t\t\t\t\t\t\t<span class=\"elementor-button-text\">See our prices<\/span>\n\t\t\t\t\t<\/span>\n\t\t\t\t\t<\/a>\n\t\t\t\t<\/div>\n\t\t\t\t\t\t\t\t<\/div>\n\t\t\t\t<\/div>\n\t\t\t\t\t<\/div>\n\t\t<\/div>\n\t\t\t\t<div class=\"has_eae_slider elementor-column elementor-col-50 elementor-inner-column elementor-element elementor-element-ca68380\" data-eae-slider=\"36014\" data-id=\"ca68380\" data-element_type=\"column\" data-e-type=\"column\">\n\t\t\t<div class=\"elementor-widget-wrap elementor-element-populated\">\n\t\t\t\t\t\t<div class=\"elementor-element elementor-element-c414a5f elementor-widget elementor-widget-image\" data-id=\"c414a5f\" data-element_type=\"widget\" data-e-type=\"widget\" data-widget_type=\"image.default\">\n\t\t\t\t<div class=\"elementor-widget-container\">\n\t\t\t\t\t\t\t\t\t\t\t\t\t\t\t<img fetchpriority=\"high\" decoding=\"async\" width=\"1920\" height=\"2385\" src=\"https:\/\/proxyitalia.it\/wp-content\/uploads\/2023\/06\/Proxy-for-Facebook.jpg\" class=\"attachment-full size-full wp-image-908\" alt=\"proxy per facebook\" srcset=\"https:\/\/proxyitalia.it\/wp-content\/uploads\/2023\/06\/Proxy-for-Facebook.jpg 1920w, https:\/\/proxyitalia.it\/wp-content\/uploads\/2023\/06\/Proxy-for-Facebook-600x745.jpg 600w, https:\/\/proxyitalia.it\/wp-content\/uploads\/2023\/06\/Proxy-for-Facebook-242x300.jpg 242w, https:\/\/proxyitalia.it\/wp-content\/uploads\/2023\/06\/Proxy-for-Facebook-824x1024.jpg 824w, https:\/\/proxyitalia.it\/wp-content\/uploads\/2023\/06\/Proxy-for-Facebook-768x954.jpg 768w, https:\/\/proxyitalia.it\/wp-content\/uploads\/2023\/06\/Proxy-for-Facebook-1237x1536.jpg 1237w, https:\/\/proxyitalia.it\/wp-content\/uploads\/2023\/06\/Proxy-for-Facebook-1649x2048.jpg 1649w\" sizes=\"(max-width: 1920px) 100vw, 1920px\" \/>\t\t\t\t\t\t\t\t\t\t\t\t\t\t\t<\/div>\n\t\t\t\t<\/div>\n\t\t\t\t\t<\/div>\n\t\t<\/div>\n\t\t\t\t\t<\/div>\n\t\t<\/section>\n\t\t\t\t\t<\/div>\n\t\t<\/div>\n\t\t\t\t\t<\/div>\n\t\t<\/section>\n\t\t\t\t<\/div>","protected":false},"excerpt":{"rendered":"<p>Perch\u00e9 hai bisogno di proxy per Facebook Ti stai chiedendo come aumentare le tue interazioni e le tue vendite su Facebook? ProxyItalia offre un servizio di proxy 4G per la gestione degli account Facebook che ti permette di: Evitare i blocchi degli account:\u00a0il nostro proxy maschera il tuo indirizzo IP, impedendo a Facebook di rilevare&#8230;<\/p>","protected":false},"author":1,"featured_media":0,"parent":0,"menu_order":0,"comment_status":"closed","ping_status":"closed","template":"elementor_header_footer","meta":{"_acf_changed":false,"_monsterinsights_skip_tracking":false,"_monsterinsights_sitenote_active":false,"_monsterinsights_sitenote_note":"","_monsterinsights_sitenote_category":0,"_kad_post_transparent":"","_kad_post_title":"hide","_kad_post_layout":"fullwidth","_kad_post_sidebar_id":"","_kad_post_content_style":"unboxed","_kad_post_vertical_padding":"hide","_kad_post_feature":"hide","_kad_post_feature_position":"","_kad_post_header":false,"_kad_post_footer":false,"footnotes":""},"class_list":["post-545","page","type-page","status-publish","hentry"],"acf":[],"yoast_head":"<!-- This site is optimized with the Yoast SEO Premium plugin v20.11 (Yoast SEO v27.5) - https:\/\/yoast.com\/product\/yoast-seo-premium-wordpress\/ -->\n<title>Proxy per Facebook - Proxyitalia<\/title>\n<meta name=\"description\" content=\"Proxy 4G per Facebook: evita i blocchi degli account e aumenta la velocit\u00e0 di connessione\" \/>\n<meta name=\"robots\" content=\"index, follow, max-snippet:-1, max-image-preview:large, max-video-preview:-1\" \/>\n<link rel=\"canonical\" href=\"https:\/\/proxyitalia.it\/en\/proxy-per-facebook\/\" \/>\n<meta property=\"og:locale\" content=\"en_GB\" \/>\n<meta property=\"og:type\" content=\"article\" \/>\n<meta property=\"og:title\" content=\"Proxy per Facebook\" \/>\n<meta property=\"og:description\" content=\"Proxy 4G per Facebook: evita i blocchi degli account e aumenta la velocit\u00e0 di connessione\" \/>\n<meta property=\"og:url\" content=\"https:\/\/proxyitalia.it\/en\/proxy-per-facebook\/\" \/>\n<meta property=\"og:site_name\" content=\"Proxyitalia\" \/>\n<meta property=\"article:modified_time\" content=\"2024-01-13T15:29:45+00:00\" \/>\n<meta property=\"og:image\" content=\"http:\/\/proxyitalia.it\/wp-content\/uploads\/2023\/06\/Proxy-for-Facebook.jpg\" \/>\n<meta name=\"twitter:card\" content=\"summary_large_image\" \/>\n<meta name=\"twitter:label1\" content=\"Estimated reading time\" \/>\n\t<meta name=\"twitter:data1\" content=\"3 minutes\" \/>\n<script type=\"application\/ld+json\" class=\"yoast-schema-graph\">{\"@context\":\"https:\\\/\\\/schema.org\",\"@graph\":[{\"@type\":\"WebPage\",\"@id\":\"https:\\\/\\\/proxyitalia.it\\\/proxy-per-facebook\\\/\",\"url\":\"https:\\\/\\\/proxyitalia.it\\\/proxy-per-facebook\\\/\",\"name\":\"Proxy per Facebook - Proxyitalia\",\"isPartOf\":{\"@id\":\"https:\\\/\\\/proxyitalia.it\\\/#website\"},\"primaryImageOfPage\":{\"@id\":\"https:\\\/\\\/proxyitalia.it\\\/proxy-per-facebook\\\/#primaryimage\"},\"image\":{\"@id\":\"https:\\\/\\\/proxyitalia.it\\\/proxy-per-facebook\\\/#primaryimage\"},\"thumbnailUrl\":\"http:\\\/\\\/proxyitalia.it\\\/wp-content\\\/uploads\\\/2023\\\/06\\\/Proxy-for-Facebook.jpg\",\"datePublished\":\"2023-06-12T21:44:50+00:00\",\"dateModified\":\"2024-01-13T15:29:45+00:00\",\"description\":\"Proxy 4G per Facebook: evita i blocchi degli account e aumenta la velocit\u00e0 di connessione\",\"breadcrumb\":{\"@id\":\"https:\\\/\\\/proxyitalia.it\\\/proxy-per-facebook\\\/#breadcrumb\"},\"inLanguage\":\"en-GB\",\"potentialAction\":[{\"@type\":\"ReadAction\",\"target\":[\"https:\\\/\\\/proxyitalia.it\\\/proxy-per-facebook\\\/\"]}]},{\"@type\":\"ImageObject\",\"inLanguage\":\"en-GB\",\"@id\":\"https:\\\/\\\/proxyitalia.it\\\/proxy-per-facebook\\\/#primaryimage\",\"url\":\"http:\\\/\\\/proxyitalia.it\\\/wp-content\\\/uploads\\\/2023\\\/06\\\/Proxy-for-Facebook.jpg\",\"contentUrl\":\"http:\\\/\\\/proxyitalia.it\\\/wp-content\\\/uploads\\\/2023\\\/06\\\/Proxy-for-Facebook.jpg\"},{\"@type\":\"BreadcrumbList\",\"@id\":\"https:\\\/\\\/proxyitalia.it\\\/proxy-per-facebook\\\/#breadcrumb\",\"itemListElement\":[{\"@type\":\"ListItem\",\"position\":1,\"name\":\"Home\",\"item\":\"https:\\\/\\\/proxyitalia.it\\\/\"},{\"@type\":\"ListItem\",\"position\":2,\"name\":\"Proxy per Facebook\"}]},{\"@type\":\"WebSite\",\"@id\":\"https:\\\/\\\/proxyitalia.it\\\/#website\",\"url\":\"https:\\\/\\\/proxyitalia.it\\\/\",\"name\":\"Proxyitalia\",\"description\":\"Proxyitalia It\",\"publisher\":{\"@id\":\"https:\\\/\\\/proxyitalia.it\\\/#organization\"},\"potentialAction\":[{\"@type\":\"SearchAction\",\"target\":{\"@type\":\"EntryPoint\",\"urlTemplate\":\"https:\\\/\\\/proxyitalia.it\\\/?s={search_term_string}\"},\"query-input\":{\"@type\":\"PropertyValueSpecification\",\"valueRequired\":true,\"valueName\":\"search_term_string\"}}],\"inLanguage\":\"en-GB\"},{\"@type\":\"Organization\",\"@id\":\"https:\\\/\\\/proxyitalia.it\\\/#organization\",\"name\":\"Proxyitalia\",\"url\":\"https:\\\/\\\/proxyitalia.it\\\/\",\"logo\":{\"@type\":\"ImageObject\",\"inLanguage\":\"en-GB\",\"@id\":\"https:\\\/\\\/proxyitalia.it\\\/#\\\/schema\\\/logo\\\/image\\\/\",\"url\":\"https:\\\/\\\/proxyitalia.it\\\/wp-content\\\/uploads\\\/2025\\\/10\\\/cropped-cropped-Gemini_Generated_Image_qr1wvhqr1wvhqr1w-removebg-preview.png\",\"contentUrl\":\"https:\\\/\\\/proxyitalia.it\\\/wp-content\\\/uploads\\\/2025\\\/10\\\/cropped-cropped-Gemini_Generated_Image_qr1wvhqr1wvhqr1w-removebg-preview.png\",\"width\":359,\"height\":247,\"caption\":\"Proxyitalia\"},\"image\":{\"@id\":\"https:\\\/\\\/proxyitalia.it\\\/#\\\/schema\\\/logo\\\/image\\\/\"}}]}<\/script>\n<!-- \/ Yoast SEO Premium plugin. -->","yoast_head_json":{"title":"Proxy per Facebook - Proxyitalia","description":"Proxy 4G per Facebook: evita i blocchi degli account e aumenta la velocit\u00e0 di connessione","robots":{"index":"index","follow":"follow","max-snippet":"max-snippet:-1","max-image-preview":"max-image-preview:large","max-video-preview":"max-video-preview:-1"},"canonical":"https:\/\/proxyitalia.it\/en\/proxy-per-facebook\/","og_locale":"en_GB","og_type":"article","og_title":"Proxy per Facebook","og_description":"Proxy 4G per Facebook: evita i blocchi degli account e aumenta la velocit\u00e0 di connessione","og_url":"https:\/\/proxyitalia.it\/en\/proxy-per-facebook\/","og_site_name":"Proxyitalia","article_modified_time":"2024-01-13T15:29:45+00:00","og_image":[{"url":"http:\/\/proxyitalia.it\/wp-content\/uploads\/2023\/06\/Proxy-for-Facebook.jpg","type":"","width":"","height":""}],"twitter_card":"summary_large_image","twitter_misc":{"Estimated reading time":"3 minutes"},"schema":{"@context":"https:\/\/schema.org","@graph":[{"@type":"WebPage","@id":"https:\/\/proxyitalia.it\/proxy-per-facebook\/","url":"https:\/\/proxyitalia.it\/proxy-per-facebook\/","name":"Proxy per Facebook - Proxyitalia","isPartOf":{"@id":"https:\/\/proxyitalia.it\/#website"},"primaryImageOfPage":{"@id":"https:\/\/proxyitalia.it\/proxy-per-facebook\/#primaryimage"},"image":{"@id":"https:\/\/proxyitalia.it\/proxy-per-facebook\/#primaryimage"},"thumbnailUrl":"http:\/\/proxyitalia.it\/wp-content\/uploads\/2023\/06\/Proxy-for-Facebook.jpg","datePublished":"2023-06-12T21:44:50+00:00","dateModified":"2024-01-13T15:29:45+00:00","description":"Proxy 4G per Facebook: evita i blocchi degli account e aumenta la velocit\u00e0 di connessione","breadcrumb":{"@id":"https:\/\/proxyitalia.it\/proxy-per-facebook\/#breadcrumb"},"inLanguage":"en-GB","potentialAction":[{"@type":"ReadAction","target":["https:\/\/proxyitalia.it\/proxy-per-facebook\/"]}]},{"@type":"ImageObject","inLanguage":"en-GB","@id":"https:\/\/proxyitalia.it\/proxy-per-facebook\/#primaryimage","url":"http:\/\/proxyitalia.it\/wp-content\/uploads\/2023\/06\/Proxy-for-Facebook.jpg","contentUrl":"http:\/\/proxyitalia.it\/wp-content\/uploads\/2023\/06\/Proxy-for-Facebook.jpg"},{"@type":"BreadcrumbList","@id":"https:\/\/proxyitalia.it\/proxy-per-facebook\/#breadcrumb","itemListElement":[{"@type":"ListItem","position":1,"name":"Home","item":"https:\/\/proxyitalia.it\/"},{"@type":"ListItem","position":2,"name":"Proxy per Facebook"}]},{"@type":"WebSite","@id":"https:\/\/proxyitalia.it\/#website","url":"https:\/\/proxyitalia.it\/","name":"Proxyitalia","description":"Proxyitalia It","publisher":{"@id":"https:\/\/proxyitalia.it\/#organization"},"potentialAction":[{"@type":"SearchAction","target":{"@type":"EntryPoint","urlTemplate":"https:\/\/proxyitalia.it\/?s={search_term_string}"},"query-input":{"@type":"PropertyValueSpecification","valueRequired":true,"valueName":"search_term_string"}}],"inLanguage":"en-GB"},{"@type":"Organization","@id":"https:\/\/proxyitalia.it\/#organization","name":"Proxyitalia","url":"https:\/\/proxyitalia.it\/","logo":{"@type":"ImageObject","inLanguage":"en-GB","@id":"https:\/\/proxyitalia.it\/#\/schema\/logo\/image\/","url":"https:\/\/proxyitalia.it\/wp-content\/uploads\/2025\/10\/cropped-cropped-Gemini_Generated_Image_qr1wvhqr1wvhqr1w-removebg-preview.png","contentUrl":"https:\/\/proxyitalia.it\/wp-content\/uploads\/2025\/10\/cropped-cropped-Gemini_Generated_Image_qr1wvhqr1wvhqr1w-removebg-preview.png","width":359,"height":247,"caption":"Proxyitalia"},"image":{"@id":"https:\/\/proxyitalia.it\/#\/schema\/logo\/image\/"}}]}},"_links":{"self":[{"href":"https:\/\/proxyitalia.it\/en\/wp-json\/wp\/v2\/pages\/545","targetHints":{"allow":["GET"]}}],"collection":[{"href":"https:\/\/proxyitalia.it\/en\/wp-json\/wp\/v2\/pages"}],"about":[{"href":"https:\/\/proxyitalia.it\/en\/wp-json\/wp\/v2\/types\/page"}],"author":[{"embeddable":true,"href":"https:\/\/proxyitalia.it\/en\/wp-json\/wp\/v2\/users\/1"}],"replies":[{"embeddable":true,"href":"https:\/\/proxyitalia.it\/en\/wp-json\/wp\/v2\/comments?post=545"}],"version-history":[{"count":13,"href":"https:\/\/proxyitalia.it\/en\/wp-json\/wp\/v2\/pages\/545\/revisions"}],"predecessor-version":[{"id":2144,"href":"https:\/\/proxyitalia.it\/en\/wp-json\/wp\/v2\/pages\/545\/revisions\/2144"}],"wp:attachment":[{"href":"https:\/\/proxyitalia.it\/en\/wp-json\/wp\/v2\/media?parent=545"}],"curies":[{"name":"wp","href":"https:\/\/api.w.org\/{rel}","templated":true}]}}