{"id":574,"date":"2023-06-12T22:13:01","date_gmt":"2023-06-12T22:13:01","guid":{"rendered":"http:\/\/proxyitalia.it\/?page_id=574"},"modified":"2024-12-17T18:59:08","modified_gmt":"2024-12-17T18:59:08","slug":"proxy-per-amazon","status":"publish","type":"page","link":"https:\/\/proxyitalia.it\/en\/proxy-per-amazon\/","title":{"rendered":"Proxies for Amazon"},"content":{"rendered":"<div data-elementor-type=\"wp-page\" data-elementor-id=\"574\" class=\"elementor elementor-574\" data-elementor-post-type=\"page\">\n\t\t\t\t\t\t<section data-eae-particle=\"{  &quot;particles&quot;: {    &quot;number&quot;: {      &quot;value&quot;: 80,      &quot;density&quot;: {        &quot;enable&quot;: true,        &quot;value_area&quot;: 800      }    },    &quot;color&quot;: {      &quot;value&quot;: &quot;#ffffff&quot;    },    &quot;shape&quot;: {      &quot;type&quot;: &quot;circle&quot;,      &quot;stroke&quot;: {        &quot;width&quot;: 0,        &quot;color&quot;: &quot;#000000&quot;      },      &quot;polygon&quot;: {        &quot;nb_sides&quot;: 5      },      &quot;image&quot;: {        &quot;src&quot;: &quot;img\/github.svg&quot;,        &quot;width&quot;: 100,        &quot;height&quot;: 100      }    },    &quot;opacity&quot;: {      &quot;value&quot;: 0.5,      &quot;random&quot;: false,      &quot;anim&quot;: {        &quot;enable&quot;: false,        &quot;speed&quot;: 1,        &quot;opacity_min&quot;: 0.1,        &quot;sync&quot;: false      }    },    &quot;size&quot;: {      &quot;value&quot;: 3,      &quot;random&quot;: true,      &quot;anim&quot;: {        &quot;enable&quot;: false,        &quot;speed&quot;: 40,        &quot;size_min&quot;: 0.1,        &quot;sync&quot;: false      }    },    &quot;line_linked&quot;: {      &quot;enable&quot;: true,      &quot;distance&quot;: 150,      &quot;color&quot;: &quot;#ffffff&quot;,      &quot;opacity&quot;: 0.4,      &quot;width&quot;: 1    },    &quot;move&quot;: {      &quot;enable&quot;: true,      &quot;speed&quot;: 6,      &quot;direction&quot;: &quot;none&quot;,      &quot;random&quot;: false,      &quot;straight&quot;: false,      &quot;out_mode&quot;: &quot;out&quot;,      &quot;bounce&quot;: false,      &quot;attract&quot;: {        &quot;enable&quot;: false,        &quot;rotateX&quot;: 600,        &quot;rotateY&quot;: 1200      }    }  },  &quot;interactivity&quot;: {    &quot;detect_on&quot;: &quot;canvas&quot;,    &quot;events&quot;: {      &quot;onhover&quot;: {        &quot;enable&quot;: true,        &quot;mode&quot;: &quot;repulse&quot;      },      &quot;onclick&quot;: {        &quot;enable&quot;: true,        &quot;mode&quot;: &quot;push&quot;      },      &quot;resize&quot;: true    },    &quot;modes&quot;: {      &quot;grab&quot;: {        &quot;distance&quot;: 400,        &quot;line_linked&quot;: {          &quot;opacity&quot;: 1        }      },      &quot;bubble&quot;: {        &quot;distance&quot;: 400,        &quot;size&quot;: 40,        &quot;duration&quot;: 2,        &quot;opacity&quot;: 8,        &quot;speed&quot;: 3      },      &quot;repulse&quot;: {        &quot;distance&quot;: 200,        &quot;duration&quot;: 0.4      },      &quot;push&quot;: {        &quot;particles_nb&quot;: 4      },      &quot;remove&quot;: {        &quot;particles_nb&quot;: 2      }    }  },  &quot;retina_detect&quot;: true}\" class=\"has_eae_slider elementor-section elementor-top-section elementor-element elementor-element-62a35d3 elementor-section-height-min-height eae-particle-yes elementor-section-boxed elementor-section-height-default elementor-section-items-middle\" data-eae-slider=\"59316\" data-id=\"62a35d3\" data-element_type=\"section\" data-e-type=\"section\" data-settings=\"{&quot;background_background&quot;:&quot;gradient&quot;}\">\n\t\t\t\t\t\t<div class=\"elementor-container elementor-column-gap-default\">\n\t\t\t\t\t<div class=\"has_eae_slider elementor-column elementor-col-100 elementor-top-column elementor-element elementor-element-80ef70e\" data-eae-slider=\"19109\" data-id=\"80ef70e\" data-element_type=\"column\" data-e-type=\"column\">\n\t\t\t<div class=\"elementor-widget-wrap elementor-element-populated\">\n\t\t\t\t\t\t\t<\/div>\n\t\t<\/div>\n\t\t\t\t\t<\/div>\n\t\t<\/section>\n\t\t\t\t<section class=\"has_eae_slider elementor-section elementor-top-section elementor-element elementor-element-5479e3a elementor-section-full_width elementor-section-height-default elementor-section-height-default\" data-eae-slider=\"55490\" data-id=\"5479e3a\" data-element_type=\"section\" data-e-type=\"section\" data-settings=\"{&quot;background_background&quot;:&quot;classic&quot;}\">\n\t\t\t\t\t\t<div class=\"elementor-container elementor-column-gap-default\">\n\t\t\t\t\t<div class=\"has_eae_slider elementor-column elementor-col-100 elementor-top-column elementor-element elementor-element-6b75c34\" data-eae-slider=\"87979\" data-id=\"6b75c34\" data-element_type=\"column\" data-e-type=\"column\">\n\t\t\t<div class=\"elementor-widget-wrap elementor-element-populated\">\n\t\t\t\t\t\t<section class=\"has_eae_slider elementor-section elementor-inner-section elementor-element elementor-element-a0d4553 elementor-section-boxed elementor-section-height-default elementor-section-height-default\" data-eae-slider=\"86709\" data-id=\"a0d4553\" data-element_type=\"section\" data-e-type=\"section\">\n\t\t\t\t\t\t<div class=\"elementor-container elementor-column-gap-default\">\n\t\t\t\t\t<div class=\"has_eae_slider elementor-column elementor-col-100 elementor-inner-column elementor-element elementor-element-cb95580\" data-eae-slider=\"57496\" data-id=\"cb95580\" data-element_type=\"column\" data-e-type=\"column\">\n\t\t\t<div class=\"elementor-widget-wrap elementor-element-populated\">\n\t\t\t\t\t\t<div class=\"elementor-element elementor-element-ef23390 elementor-widget elementor-widget-heading\" data-id=\"ef23390\" data-element_type=\"widget\" data-e-type=\"widget\" data-widget_type=\"heading.default\">\n\t\t\t\t<div class=\"elementor-widget-container\">\n\t\t\t\t\t<h2 class=\"elementor-heading-title elementor-size-default\">Why do you need proxies for <span style=\"color: #bd1219\">Amazon<\/span>\n<\/h2>\t\t\t\t<\/div>\n\t\t\t\t<\/div>\n\t\t\t\t\t<\/div>\n\t\t<\/div>\n\t\t\t\t\t<\/div>\n\t\t<\/section>\n\t\t\t\t<section class=\"has_eae_slider elementor-section elementor-inner-section elementor-element elementor-element-18352c3 elementor-section-boxed elementor-section-height-default elementor-section-height-default\" data-eae-slider=\"8500\" data-id=\"18352c3\" data-element_type=\"section\" data-e-type=\"section\">\n\t\t\t\t\t\t<div class=\"elementor-container elementor-column-gap-wide\">\n\t\t\t\t\t<div class=\"has_eae_slider elementor-column elementor-col-50 elementor-inner-column elementor-element elementor-element-e6ff497\" data-eae-slider=\"97718\" data-id=\"e6ff497\" data-element_type=\"column\" data-e-type=\"column\">\n\t\t\t<div class=\"elementor-widget-wrap elementor-element-populated\">\n\t\t\t\t\t\t<div class=\"elementor-element elementor-element-552dbe0 elementor-widget elementor-widget-text-editor\" data-id=\"552dbe0\" data-element_type=\"widget\" data-e-type=\"widget\" data-widget_type=\"text-editor.default\">\n\t\t\t\t<div class=\"elementor-widget-container\">\n\t\t\t\t\t\t\t\t\t<h3>Raccogli le Offerte di Viaggio Pi\u00f9 convenienti Protette dai Nostri Proxy Mobili Affidabili!<\/h3><p>Nell&#8217;era digitale odierna, l&#8217;industria del turismo \u00e8 diventata altamente competitiva, con numerose piattaforme online che offrono le migliori offerte su voli, hotel, pacchetti vacanze e altri dati relativi alle tariffe di viaggio. Per rimanere un passo avanti rispetto alla concorrenza, lo scraping delle tariffe di viaggio \u00e8 diventato una tecnica comune per aziende e privati.<\/p><p>Tuttavia, poich\u00e9 i siti web implementano misure anti-scraping pi\u00f9 rigide, \u00e8 sempre pi\u00f9 importante trovare soluzioni innovative per raccogliere dati accurati e aggiornati. \u00c8 qui che entrano in gioco i <strong>proxy mobili di Proxyitalia<\/strong> per l&#8217;aggregazione delle tariffe di viaggio! Utilizzando proxy mobili per lo scraping delle tariffe di viaggio, gli utenti possono bypassare le restrizioni, mantenere l&#8217;anonimato e garantire un&#8217;estrazione dei dati affidabile, ottenendo cos\u00ec un vantaggio competitivo nell&#8217;industria del turismo.<\/p><h3>Perch\u00e9 Usare i Proxy Mobili per Lo Scraping delle Tariffe di Viaggio?<\/h3><p>I proxy mobili per l&#8217;aggregazione dei dati di viaggio (3G, 4G, 5G e LTE) offrono un modo pi\u00f9 efficiente ed efficace per raccogliere dati accurati e aggiornati sulle tariffe, minimizzando il rischio di rilevamento e blocco da parte dei siti web di viaggio.<\/p><h4>1. <strong>Evitare Blocchi IP e Limitazioni del Tasso di Richieste<\/strong><\/h4><p>L&#8217;aggregazione delle tariffe di viaggio spesso comporta lo scraping dei dati da pi\u00f9 siti per confrontare i prezzi e la disponibilit\u00e0. Tuttavia, molti siti web hanno meccanismi in atto per prevenire scraping eccessivo, come blocchi IP e limitazioni delle richieste.<\/p><p>Utilizzando i proxy mobili, puoi aggirare queste restrizioni e accedere ai dati di cui hai bisogno senza essere bloccato o bannato. Con i proxy mobili di Proxyitalia per l&#8217;aggregazione delle tariffe di viaggio, puoi ruotare il tuo indirizzo IP, rendendo pi\u00f9 difficile per i siti web rilevare e bloccare le tue attivit\u00e0 di scraping.<\/p><p><strong>Nota<\/strong>: Lo scraping dei siti di aggregazione delle tariffe di viaggio \u00e8 molto pi\u00f9 difficile rispetto ai siti web regolari, a causa dei loro sforzi intensi nel bloccare i bot. Pertanto, ti consigliamo vivamente di utilizzare proxy mobili con gli IP pi\u00f9 affidabili per questo scopo.<\/p><h4>2. <strong>Connessione Internet Pi\u00f9 Veloce e Affidabile<\/strong><\/h4><p>Instradando il traffico internet tramite un server proxy, i proxy mobili possono ottimizzare la trasmissione dei dati, risultando in velocit\u00e0 di download e upload pi\u00f9 rapide. Inoltre, i proxy mobili offrono una connessione pi\u00f9 stabile, bypassando la congestione della rete e riducendo la latenza.<\/p><p>I proxy mobili di Proxyitalia utilizzano le reti mobili per stabilire connessioni, offrendo una connessione internet affidabile e stabile per l&#8217;aggregazione delle tariffe di viaggio. A differenza dei proxy tradizionali che si basano su connessioni a banda larga fissa, i proxy mobili possono adattarsi alle condizioni di rete in cambiamento e mantenere una connessione costante.<\/p><p><strong>Nota<\/strong>: Con i proxy mobili di Proxyitalia, puoi garantire l&#8217;accesso continuo ai siti di viaggio e raccogliere dati in tempo reale per confrontare accuratamente le tariffe.<\/p><h4>3. <strong>Maggiore Anonimato e Sicurezza<\/strong><\/h4><p>I proxy mobili offrono un livello pi\u00f9 alto di anonimato e sicurezza rispetto ad altri tipi di proxy. Usano indirizzi IP assegnati ai dispositivi mobili, rendendo pi\u00f9 difficile per i siti web identificare e bloccare le tue attivit\u00e0 di scraping.<\/p><p>I proxy mobili di Proxyitalia offrono maggiore sicurezza criptando i dati trasmessi tra il dispositivo dell&#8217;utente e la piattaforma di aggregazione delle tariffe di viaggio. Questa crittografia garantisce che informazioni sensibili, come i dettagli della carta di credito o i dati personali, rimangano sicure e inaccessibili a hacker o criminali informatici.<\/p><p><strong>Nota<\/strong>: \u00c8 importante fare molta attenzione quando si sceglie un fornitore di proxy, poich\u00e9 potrebbero avere accesso alle tue informazioni personali. Su Proxyitalia.online, diamo la priorit\u00e0 alle pratiche etiche e alla sicurezza dei nostri clienti. Garantiamo che le nostre pratiche siano conformi ai pi\u00f9 alti standard globali per la gestione dei dati personali, incluso il GDPR dell&#8217;UE.<\/p><h3>Perch\u00e9 Scegliere Proxyitalia?<\/h3><p>Con Proxyitalia, puoi rivoluzionare il modo in cui raccogli e analizzi i dati di viaggio. Questo servizio innovativo ti consente di creare proxy mobili direttamente dal tuo dispositivo Android, dandoti un accesso senza pari a una vasta gamma di informazioni relative ai viaggi.<\/p><h4><strong>Vantaggi di Proxyitalia<\/strong><\/h4><ul><li><p><strong>Qualit\u00e0<\/strong>: I proxy mobili privati con rotazione IP sono un&#8217;offerta di alto livello nel mercato dei proxy. Sono lo strumento migliore per soddisfare le tue esigenze aziendali. Ed \u00e8 proprio il tipo di proxy di alta qualit\u00e0 che crei con Proxyitalia.<\/p><\/li><li><p><strong>Convenienza<\/strong>: Altri proxy mobili hanno un costo elevato. Ma con Proxyitalia, eviti di spendere troppo! Il nostro servizio ha una tariffa minima di soli 29,00 per 30 giorni,\u00a0<\/p><\/li><\/ul>\t\t\t\t\t\t\t\t<\/div>\n\t\t\t\t<\/div>\n\t\t\t\t<div class=\"elementor-element elementor-element-666e368 elementor-mobile-align-center elementor-widget elementor-widget-button\" data-id=\"666e368\" data-element_type=\"widget\" data-e-type=\"widget\" data-widget_type=\"button.default\">\n\t\t\t\t<div class=\"elementor-widget-container\">\n\t\t\t\t\t\t\t\t\t<div class=\"elementor-button-wrapper\">\n\t\t\t\t\t<a class=\"elementor-button elementor-button-link elementor-size-sm\" href=\"http:\/\/proxyitalia.it\/en\/prezzi\/\">\n\t\t\t\t\t\t<span class=\"elementor-button-content-wrapper\">\n\t\t\t\t\t\t\t\t\t<span class=\"elementor-button-text\">See our prices<\/span>\n\t\t\t\t\t<\/span>\n\t\t\t\t\t<\/a>\n\t\t\t\t<\/div>\n\t\t\t\t\t\t\t\t<\/div>\n\t\t\t\t<\/div>\n\t\t\t\t\t<\/div>\n\t\t<\/div>\n\t\t\t\t<div class=\"has_eae_slider elementor-column elementor-col-50 elementor-inner-column elementor-element elementor-element-d1ba049\" data-eae-slider=\"85762\" data-id=\"d1ba049\" data-element_type=\"column\" data-e-type=\"column\">\n\t\t\t<div class=\"elementor-widget-wrap elementor-element-populated\">\n\t\t\t\t\t\t<div class=\"elementor-element elementor-element-e05ab9c elementor-widget elementor-widget-image\" data-id=\"e05ab9c\" data-element_type=\"widget\" data-e-type=\"widget\" data-widget_type=\"image.default\">\n\t\t\t\t<div class=\"elementor-widget-container\">\n\t\t\t\t\t\t\t\t\t\t\t\t\t\t\t<img fetchpriority=\"high\" decoding=\"async\" width=\"1024\" height=\"1792\" src=\"https:\/\/proxyitalia.it\/wp-content\/uploads\/2024\/12\/Designer-2024-12-17T195610.964.jpeg\" class=\"attachment-full size-full wp-image-2214\" alt=\"proxy 4g per lo scrapig di tariffe di voli\" srcset=\"https:\/\/proxyitalia.it\/wp-content\/uploads\/2024\/12\/Designer-2024-12-17T195610.964.jpeg 1024w, https:\/\/proxyitalia.it\/wp-content\/uploads\/2024\/12\/Designer-2024-12-17T195610.964-600x1050.jpeg 600w, https:\/\/proxyitalia.it\/wp-content\/uploads\/2024\/12\/Designer-2024-12-17T195610.964-171x300.jpeg 171w, https:\/\/proxyitalia.it\/wp-content\/uploads\/2024\/12\/Designer-2024-12-17T195610.964-585x1024.jpeg 585w, https:\/\/proxyitalia.it\/wp-content\/uploads\/2024\/12\/Designer-2024-12-17T195610.964-768x1344.jpeg 768w, https:\/\/proxyitalia.it\/wp-content\/uploads\/2024\/12\/Designer-2024-12-17T195610.964-878x1536.jpeg 878w, https:\/\/proxyitalia.it\/wp-content\/uploads\/2024\/12\/Designer-2024-12-17T195610.964-7x12.jpeg 7w\" sizes=\"(max-width: 1024px) 100vw, 1024px\" \/>\t\t\t\t\t\t\t\t\t\t\t\t\t\t\t<\/div>\n\t\t\t\t<\/div>\n\t\t\t\t\t<\/div>\n\t\t<\/div>\n\t\t\t\t\t<\/div>\n\t\t<\/section>\n\t\t\t\t\t<\/div>\n\t\t<\/div>\n\t\t\t\t\t<\/div>\n\t\t<\/section>\n\t\t\t\t<\/div>","protected":false},"excerpt":{"rendered":"<p>Perch\u00e9 hai bisogno di proxy per Amazon Raccogli le Offerte di Viaggio Pi\u00f9 convenienti Protette dai Nostri Proxy Mobili Affidabili! Nell&#8217;era digitale odierna, l&#8217;industria del turismo \u00e8 diventata altamente competitiva, con numerose piattaforme online che offrono le migliori offerte su voli, hotel, pacchetti vacanze e altri dati relativi alle tariffe di viaggio. Per rimanere un&#8230;<\/p>","protected":false},"author":1,"featured_media":866,"parent":0,"menu_order":0,"comment_status":"closed","ping_status":"closed","template":"elementor_header_footer","meta":{"_acf_changed":false,"_monsterinsights_skip_tracking":false,"_monsterinsights_sitenote_active":false,"_monsterinsights_sitenote_note":"","_monsterinsights_sitenote_category":0,"_kad_post_transparent":"","_kad_post_title":"hide","_kad_post_layout":"fullwidth","_kad_post_sidebar_id":"","_kad_post_content_style":"unboxed","_kad_post_vertical_padding":"hide","_kad_post_feature":"hide","_kad_post_feature_position":"","_kad_post_header":false,"_kad_post_footer":false,"footnotes":""},"class_list":["post-574","page","type-page","status-publish","has-post-thumbnail","hentry"],"acf":[],"yoast_head":"<!-- This site is optimized with the Yoast SEO Premium plugin v20.11 (Yoast SEO v27.0) - https:\/\/yoast.com\/product\/yoast-seo-premium-wordpress\/ -->\n<title>Proxy per Amazon - Proxyitalia<\/title>\n<meta name=\"description\" content=\"Massimizza le tue opportunit\u00e0 su Amazon con i nostri proxy 4G dedicati. Naviga in modo sicuro e sblocca il potenziale del tuo business online\" \/>\n<meta name=\"robots\" content=\"index, follow, max-snippet:-1, max-image-preview:large, max-video-preview:-1\" \/>\n<link rel=\"canonical\" href=\"https:\/\/proxyitalia.it\/en\/proxy-per-amazon\/\" \/>\n<meta property=\"og:locale\" content=\"en_GB\" \/>\n<meta property=\"og:type\" content=\"article\" \/>\n<meta property=\"og:title\" content=\"Proxy per Amazon\" \/>\n<meta property=\"og:description\" content=\"Massimizza le tue opportunit\u00e0 su Amazon con i nostri proxy 4G dedicati. Naviga in modo sicuro e sblocca il potenziale del tuo business online\" \/>\n<meta property=\"og:url\" content=\"https:\/\/proxyitalia.it\/en\/proxy-per-amazon\/\" \/>\n<meta property=\"og:site_name\" content=\"Proxyitalia\" \/>\n<meta property=\"article:modified_time\" content=\"2024-12-17T18:59:08+00:00\" \/>\n<meta property=\"og:image\" content=\"https:\/\/proxyitalia.it\/wp-content\/uploads\/2023\/06\/Proxy-for-Amazon.jpg\" \/>\n\t<meta property=\"og:image:width\" content=\"1920\" \/>\n\t<meta property=\"og:image:height\" content=\"2560\" \/>\n\t<meta property=\"og:image:type\" content=\"image\/jpeg\" \/>\n<meta name=\"twitter:card\" content=\"summary_large_image\" \/>\n<meta name=\"twitter:label1\" content=\"Estimated reading time\" \/>\n\t<meta name=\"twitter:data1\" content=\"5 minutes\" \/>\n<script type=\"application\/ld+json\" class=\"yoast-schema-graph\">{\"@context\":\"https:\/\/schema.org\",\"@graph\":[{\"@type\":\"WebPage\",\"@id\":\"https:\/\/proxyitalia.it\/en\/proxy-per-amazon\/\",\"url\":\"https:\/\/proxyitalia.it\/en\/proxy-per-amazon\/\",\"name\":\"Proxy per Amazon - Proxyitalia\",\"isPartOf\":{\"@id\":\"https:\/\/proxyitalia.it\/#website\"},\"primaryImageOfPage\":{\"@id\":\"https:\/\/proxyitalia.it\/en\/proxy-per-amazon\/#primaryimage\"},\"image\":{\"@id\":\"https:\/\/proxyitalia.it\/en\/proxy-per-amazon\/#primaryimage\"},\"thumbnailUrl\":\"https:\/\/proxyitalia.it\/wp-content\/uploads\/2023\/06\/Proxy-for-Amazon.jpg\",\"datePublished\":\"2023-06-12T22:13:01+00:00\",\"dateModified\":\"2024-12-17T18:59:08+00:00\",\"description\":\"Massimizza le tue opportunit\u00e0 su Amazon con i nostri proxy 4G dedicati. Naviga in modo sicuro e sblocca il potenziale del tuo business online\",\"breadcrumb\":{\"@id\":\"https:\/\/proxyitalia.it\/en\/proxy-per-amazon\/#breadcrumb\"},\"inLanguage\":\"en-GB\",\"potentialAction\":[{\"@type\":\"ReadAction\",\"target\":[\"https:\/\/proxyitalia.it\/en\/proxy-per-amazon\/\"]}]},{\"@type\":\"ImageObject\",\"inLanguage\":\"en-GB\",\"@id\":\"https:\/\/proxyitalia.it\/en\/proxy-per-amazon\/#primaryimage\",\"url\":\"https:\/\/proxyitalia.it\/wp-content\/uploads\/2023\/06\/Proxy-for-Amazon.jpg\",\"contentUrl\":\"https:\/\/proxyitalia.it\/wp-content\/uploads\/2023\/06\/Proxy-for-Amazon.jpg\",\"width\":1920,\"height\":2560,\"caption\":\"PROXY PER AMAZON\"},{\"@type\":\"BreadcrumbList\",\"@id\":\"https:\/\/proxyitalia.it\/en\/proxy-per-amazon\/#breadcrumb\",\"itemListElement\":[{\"@type\":\"ListItem\",\"position\":1,\"name\":\"Home\",\"item\":\"https:\/\/proxyitalia.it\/\"},{\"@type\":\"ListItem\",\"position\":2,\"name\":\"Proxy per Amazon\"}]},{\"@type\":\"WebSite\",\"@id\":\"https:\/\/proxyitalia.it\/#website\",\"url\":\"https:\/\/proxyitalia.it\/\",\"name\":\"Proxyitalia\",\"description\":\"Proxyitalia It\",\"publisher\":{\"@id\":\"https:\/\/proxyitalia.it\/#organization\"},\"potentialAction\":[{\"@type\":\"SearchAction\",\"target\":{\"@type\":\"EntryPoint\",\"urlTemplate\":\"https:\/\/proxyitalia.it\/?s={search_term_string}\"},\"query-input\":{\"@type\":\"PropertyValueSpecification\",\"valueRequired\":true,\"valueName\":\"search_term_string\"}}],\"inLanguage\":\"en-GB\"},{\"@type\":\"Organization\",\"@id\":\"https:\/\/proxyitalia.it\/#organization\",\"name\":\"Proxyitalia\",\"url\":\"https:\/\/proxyitalia.it\/\",\"logo\":{\"@type\":\"ImageObject\",\"inLanguage\":\"en-GB\",\"@id\":\"https:\/\/proxyitalia.it\/#\/schema\/logo\/image\/\",\"url\":\"https:\/\/proxyitalia.it\/wp-content\/uploads\/2025\/10\/cropped-cropped-Gemini_Generated_Image_qr1wvhqr1wvhqr1w-removebg-preview.png\",\"contentUrl\":\"https:\/\/proxyitalia.it\/wp-content\/uploads\/2025\/10\/cropped-cropped-Gemini_Generated_Image_qr1wvhqr1wvhqr1w-removebg-preview.png\",\"width\":359,\"height\":247,\"caption\":\"Proxyitalia\"},\"image\":{\"@id\":\"https:\/\/proxyitalia.it\/#\/schema\/logo\/image\/\"}}]}<\/script>\n<!-- \/ Yoast SEO Premium plugin. -->","yoast_head_json":{"title":"Proxy per Amazon - Proxyitalia","description":"Massimizza le tue opportunit\u00e0 su Amazon con i nostri proxy 4G dedicati. Naviga in modo sicuro e sblocca il potenziale del tuo business online","robots":{"index":"index","follow":"follow","max-snippet":"max-snippet:-1","max-image-preview":"max-image-preview:large","max-video-preview":"max-video-preview:-1"},"canonical":"https:\/\/proxyitalia.it\/en\/proxy-per-amazon\/","og_locale":"en_GB","og_type":"article","og_title":"Proxy per Amazon","og_description":"Massimizza le tue opportunit\u00e0 su Amazon con i nostri proxy 4G dedicati. Naviga in modo sicuro e sblocca il potenziale del tuo business online","og_url":"https:\/\/proxyitalia.it\/en\/proxy-per-amazon\/","og_site_name":"Proxyitalia","article_modified_time":"2024-12-17T18:59:08+00:00","og_image":[{"width":1920,"height":2560,"url":"https:\/\/proxyitalia.it\/wp-content\/uploads\/2023\/06\/Proxy-for-Amazon.jpg","type":"image\/jpeg"}],"twitter_card":"summary_large_image","twitter_misc":{"Estimated reading time":"5 minutes"},"schema":{"@context":"https:\/\/schema.org","@graph":[{"@type":"WebPage","@id":"https:\/\/proxyitalia.it\/en\/proxy-per-amazon\/","url":"https:\/\/proxyitalia.it\/en\/proxy-per-amazon\/","name":"Proxy per Amazon - Proxyitalia","isPartOf":{"@id":"https:\/\/proxyitalia.it\/#website"},"primaryImageOfPage":{"@id":"https:\/\/proxyitalia.it\/en\/proxy-per-amazon\/#primaryimage"},"image":{"@id":"https:\/\/proxyitalia.it\/en\/proxy-per-amazon\/#primaryimage"},"thumbnailUrl":"https:\/\/proxyitalia.it\/wp-content\/uploads\/2023\/06\/Proxy-for-Amazon.jpg","datePublished":"2023-06-12T22:13:01+00:00","dateModified":"2024-12-17T18:59:08+00:00","description":"Massimizza le tue opportunit\u00e0 su Amazon con i nostri proxy 4G dedicati. Naviga in modo sicuro e sblocca il potenziale del tuo business online","breadcrumb":{"@id":"https:\/\/proxyitalia.it\/en\/proxy-per-amazon\/#breadcrumb"},"inLanguage":"en-GB","potentialAction":[{"@type":"ReadAction","target":["https:\/\/proxyitalia.it\/en\/proxy-per-amazon\/"]}]},{"@type":"ImageObject","inLanguage":"en-GB","@id":"https:\/\/proxyitalia.it\/en\/proxy-per-amazon\/#primaryimage","url":"https:\/\/proxyitalia.it\/wp-content\/uploads\/2023\/06\/Proxy-for-Amazon.jpg","contentUrl":"https:\/\/proxyitalia.it\/wp-content\/uploads\/2023\/06\/Proxy-for-Amazon.jpg","width":1920,"height":2560,"caption":"PROXY PER AMAZON"},{"@type":"BreadcrumbList","@id":"https:\/\/proxyitalia.it\/en\/proxy-per-amazon\/#breadcrumb","itemListElement":[{"@type":"ListItem","position":1,"name":"Home","item":"https:\/\/proxyitalia.it\/"},{"@type":"ListItem","position":2,"name":"Proxy per Amazon"}]},{"@type":"WebSite","@id":"https:\/\/proxyitalia.it\/#website","url":"https:\/\/proxyitalia.it\/","name":"Proxyitalia","description":"Proxyitalia It","publisher":{"@id":"https:\/\/proxyitalia.it\/#organization"},"potentialAction":[{"@type":"SearchAction","target":{"@type":"EntryPoint","urlTemplate":"https:\/\/proxyitalia.it\/?s={search_term_string}"},"query-input":{"@type":"PropertyValueSpecification","valueRequired":true,"valueName":"search_term_string"}}],"inLanguage":"en-GB"},{"@type":"Organization","@id":"https:\/\/proxyitalia.it\/#organization","name":"Proxyitalia","url":"https:\/\/proxyitalia.it\/","logo":{"@type":"ImageObject","inLanguage":"en-GB","@id":"https:\/\/proxyitalia.it\/#\/schema\/logo\/image\/","url":"https:\/\/proxyitalia.it\/wp-content\/uploads\/2025\/10\/cropped-cropped-Gemini_Generated_Image_qr1wvhqr1wvhqr1w-removebg-preview.png","contentUrl":"https:\/\/proxyitalia.it\/wp-content\/uploads\/2025\/10\/cropped-cropped-Gemini_Generated_Image_qr1wvhqr1wvhqr1w-removebg-preview.png","width":359,"height":247,"caption":"Proxyitalia"},"image":{"@id":"https:\/\/proxyitalia.it\/#\/schema\/logo\/image\/"}}]}},"_links":{"self":[{"href":"https:\/\/proxyitalia.it\/en\/wp-json\/wp\/v2\/pages\/574","targetHints":{"allow":["GET"]}}],"collection":[{"href":"https:\/\/proxyitalia.it\/en\/wp-json\/wp\/v2\/pages"}],"about":[{"href":"https:\/\/proxyitalia.it\/en\/wp-json\/wp\/v2\/types\/page"}],"author":[{"embeddable":true,"href":"https:\/\/proxyitalia.it\/en\/wp-json\/wp\/v2\/users\/1"}],"replies":[{"embeddable":true,"href":"https:\/\/proxyitalia.it\/en\/wp-json\/wp\/v2\/comments?post=574"}],"version-history":[{"count":34,"href":"https:\/\/proxyitalia.it\/en\/wp-json\/wp\/v2\/pages\/574\/revisions"}],"predecessor-version":[{"id":2217,"href":"https:\/\/proxyitalia.it\/en\/wp-json\/wp\/v2\/pages\/574\/revisions\/2217"}],"wp:featuredmedia":[{"embeddable":true,"href":"https:\/\/proxyitalia.it\/en\/wp-json\/wp\/v2\/media\/866"}],"wp:attachment":[{"href":"https:\/\/proxyitalia.it\/en\/wp-json\/wp\/v2\/media?parent=574"}],"curies":[{"name":"wp","href":"https:\/\/api.w.org\/{rel}","templated":true}]}}